{"id":49,"date":"2020-07-06T11:24:39","date_gmt":"2020-07-06T15:24:39","guid":{"rendered":"http:\/\/chilerecupera.cl\/?page_id=49"},"modified":"2020-07-11T19:29:54","modified_gmt":"2020-07-11T23:29:54","slug":"economia-circular","status":"publish","type":"page","link":"https:\/\/chilerecupera.cl\/index.php\/economia-circular\/","title":{"rendered":"Econom\u00eda Circular"},"content":{"rendered":"\n<p>Consiste en reducir el impacto ambiental relacionado a la generaci\u00f3n de residuos y promover un modelo que propone un cambio en los sistemas lineales de producci\u00f3n, negocios y consumo incorporando el Eco dise\u00f1o, la reutilizaci\u00f3n, reciclaje y valorizaci\u00f3n.<\/p>\n\n\n\n<p>RECUPERA PROMUEVE LA ECONOMIA CIRCULAR<\/p>\n\n\n\n<p>Ofrecemos incorporar a tu proceso productivo o actividad empresarial diversas alternativas alineadas con la Econom\u00eda Circular:<\/p>\n\n\n\n<p>Pelletizaci\u00f3n de residuos pl\u00e1sticos<\/p>\n\n\n\n<p>Reutilizaci\u00f3n de residuos<\/p>\n\n\n\n<p>Fabricaci\u00f3n de estructuras de madera pl\u00e1stica<\/p>\n\n\n\n<figure class=\"wp-block-image size-large\"><img loading=\"lazy\" width=\"1024\" height=\"576\" src=\"https:\/\/chilerecupera.cl\/wp-content\/uploads\/2020\/07\/eCONOMIA-CIRCULAR-1024x576.jpg\" alt=\"\" class=\"wp-image-162\" srcset=\"https:\/\/chilerecupera.cl\/wp-content\/uploads\/2020\/07\/eCONOMIA-CIRCULAR-1024x576.jpg 1024w, https:\/\/chilerecupera.cl\/wp-content\/uploads\/2020\/07\/eCONOMIA-CIRCULAR-300x169.jpg 300w, https:\/\/chilerecupera.cl\/wp-content\/uploads\/2020\/07\/eCONOMIA-CIRCULAR-768x432.jpg 768w, https:\/\/chilerecupera.cl\/wp-content\/uploads\/2020\/07\/eCONOMIA-CIRCULAR.jpg 1280w\" sizes=\"(max-width: 1024px) 100vw, 1024px\" \/><\/figure>\n","protected":false},"excerpt":{"rendered":"<p>Consiste en reducir el impacto ambiental relacionado a la generaci\u00f3n de residuos y promover un modelo que propone un cambio en los sistemas lineales de producci\u00f3n, negocios y consumo incorporando el Eco dise\u00f1o, la reutilizaci\u00f3n, reciclaje y valorizaci\u00f3n. RECUPERA PROMUEVE LA ECONOMIA CIRCULAR Ofrecemos incorporar a tu proceso productivo o actividad empresarial diversas alternativas alineadas [&hellip;]<\/p>\n","protected":false},"author":1,"featured_media":0,"parent":0,"menu_order":0,"comment_status":"closed","ping_status":"closed","template":"","meta":[],"_links":{"self":[{"href":"https:\/\/chilerecupera.cl\/index.php\/wp-json\/wp\/v2\/pages\/49"}],"collection":[{"href":"https:\/\/chilerecupera.cl\/index.php\/wp-json\/wp\/v2\/pages"}],"about":[{"href":"https:\/\/chilerecupera.cl\/index.php\/wp-json\/wp\/v2\/types\/page"}],"author":[{"embeddable":true,"href":"https:\/\/chilerecupera.cl\/index.php\/wp-json\/wp\/v2\/users\/1"}],"replies":[{"embeddable":true,"href":"https:\/\/chilerecupera.cl\/index.php\/wp-json\/wp\/v2\/comments?post=49"}],"version-history":[{"count":3,"href":"https:\/\/chilerecupera.cl\/index.php\/wp-json\/wp\/v2\/pages\/49\/revisions"}],"predecessor-version":[{"id":164,"href":"https:\/\/chilerecupera.cl\/index.php\/wp-json\/wp\/v2\/pages\/49\/revisions\/164"}],"wp:attachment":[{"href":"https:\/\/chilerecupera.cl\/index.php\/wp-json\/wp\/v2\/media?parent=49"}],"curies":[{"name":"wp","href":"https:\/\/api.w.org\/{rel}","templated":true}]}}