{"id":48,"date":"2020-07-06T11:24:39","date_gmt":"2020-07-06T15:24:39","guid":{"rendered":"http:\/\/chilerecupera.cl\/?page_id=48"},"modified":"2020-07-11T19:27:07","modified_gmt":"2020-07-11T23:27:07","slug":"ley-rep","status":"publish","type":"page","link":"https:\/\/chilerecupera.cl\/index.php\/ley-rep\/","title":{"rendered":"Ley REP"},"content":{"rendered":"\n<p>\u00bfEn qu\u00e9 consiste?<\/p>\n\n\n\n<p>Ley 20.920 relacionada a la Responsabilidad Extendida del productor y fomento al reciclaje, es un instrumento econ\u00f3mico cuyo objetivo es disminuir la generaci\u00f3n de residuos y fomentar su reutilizaci\u00f3n, reciclaje y otro tipo de valorizaci\u00f3n, a trav\u00e9s de la instauraci\u00f3n de la responsabilidad extendida del productor y otros instrumentos de gesti\u00f3n de residuos, con el fin de proteger la salud de las personas y el medio ambiente.<\/p>\n\n\n\n<p>ALGUNOS PRINCIPIOS<\/p>\n\n\n\n<p>El que contamina paga: el generador de un residuo es responsable de \u00e9ste, as\u00ed como de internalizar los costos y las externalidades negativas asociados a su manejo.<\/p>\n\n\n\n<p>Preventivo: Conjunto de acciones o medidas que se reflejan en cambios en los h\u00e1bitos en el uso de insumos y materias primas utilizadas en procesos productivos, dise\u00f1o o en modificaciones en dichos procesos, as\u00ed como en el consumo, destinadas a evitar la generaci\u00f3n de residuos, la reducci\u00f3n en cantidad o la peligrosidad de los mismos.<\/p>\n\n\n\n<p>Responsabilidad del generador de un residuo: El generador de un residuo es responsable de \u00e9ste, desde su generaci\u00f3n hasta su valorizaci\u00f3n o eliminaci\u00f3n, en conformidad a la ley.<br>Transparencia y publicidad: La gesti\u00f3n de residuos se efectuar\u00e1 con transparencia, de manera que la comunidad pueda acceder a la informaci\u00f3n relevante sobre la materia.<br>Trazabilidad: Conjunto de procedimientos preestablecidos y autosuficientes que permiten conocer las cantidades, ubicaci\u00f3n y trayectoria de un residuo o lote de residuos a lo largo de la cadena de manejo.<\/p>\n\n\n\n<p>Jerarqu\u00eda en el manejo de residuos: Orden de preferencia de manejo, que considera como primera alternativa la prevenci\u00f3n en la generaci\u00f3n de residuos, luego la reutilizaci\u00f3n, el reciclaje de los mismos o de uno o m\u00e1s de sus componentes y la valorizaci\u00f3n energ\u00e9tica de los residuos, total o parcial, dejando como \u00faltima alternativa su eliminaci\u00f3n, acorde al desarrollo de instrumentos legales, reglamentarios y econ\u00f3micos pertinentes.<\/p>\n\n\n\n<p>LEY REP DESDE RECUPERA<\/p>\n\n\n\n<p>Recupera act\u00faa como un gestor de residuos prioritarios. Te orientamos y asesoramos en el desarrollo de un sistema de gesti\u00f3n individual o colectivo ajustado a la realidad y necesidades de tu empresa para luego implementar y maximizar la recuperaci\u00f3n de residuos.<\/p>\n\n\n\n<p>Hacemos que nuestras empresas generadoras cumplan con sus metas de recolecci\u00f3n y a la vez con todas las exigencias legales, logrando recuperar, valorizar y disponer tus residuos prioritarios de la mejor manera. Todo lo anterior acompa\u00f1ado de la documentaci\u00f3n y certificados que acrediten el cumplimiento normativo y del sistema de gesti\u00f3n desarrollado.<\/p>\n\n\n\n<figure class=\"wp-block-image size-large\"><img loading=\"lazy\" width=\"1024\" height=\"576\" src=\"https:\/\/chilerecupera.cl\/wp-content\/uploads\/2020\/07\/ley-rep-1024x576.jpg\" alt=\"\" class=\"wp-image-160\" srcset=\"https:\/\/chilerecupera.cl\/wp-content\/uploads\/2020\/07\/ley-rep-1024x576.jpg 1024w, https:\/\/chilerecupera.cl\/wp-content\/uploads\/2020\/07\/ley-rep-300x169.jpg 300w, https:\/\/chilerecupera.cl\/wp-content\/uploads\/2020\/07\/ley-rep-768x432.jpg 768w, https:\/\/chilerecupera.cl\/wp-content\/uploads\/2020\/07\/ley-rep.jpg 1280w\" sizes=\"(max-width: 1024px) 100vw, 1024px\" \/><\/figure>\n","protected":false},"excerpt":{"rendered":"<p>\u00bfEn qu\u00e9 consiste? Ley 20.920 relacionada a la Responsabilidad Extendida del productor y fomento al reciclaje, es un instrumento econ\u00f3mico cuyo objetivo es disminuir la generaci\u00f3n de residuos y fomentar su reutilizaci\u00f3n, reciclaje y otro tipo de valorizaci\u00f3n, a trav\u00e9s de la instauraci\u00f3n de la responsabilidad extendida del productor y otros instrumentos de gesti\u00f3n de [&hellip;]<\/p>\n","protected":false},"author":1,"featured_media":0,"parent":0,"menu_order":0,"comment_status":"closed","ping_status":"closed","template":"","meta":[],"_links":{"self":[{"href":"https:\/\/chilerecupera.cl\/index.php\/wp-json\/wp\/v2\/pages\/48"}],"collection":[{"href":"https:\/\/chilerecupera.cl\/index.php\/wp-json\/wp\/v2\/pages"}],"about":[{"href":"https:\/\/chilerecupera.cl\/index.php\/wp-json\/wp\/v2\/types\/page"}],"author":[{"embeddable":true,"href":"https:\/\/chilerecupera.cl\/index.php\/wp-json\/wp\/v2\/users\/1"}],"replies":[{"embeddable":true,"href":"https:\/\/chilerecupera.cl\/index.php\/wp-json\/wp\/v2\/comments?post=48"}],"version-history":[{"count":2,"href":"https:\/\/chilerecupera.cl\/index.php\/wp-json\/wp\/v2\/pages\/48\/revisions"}],"predecessor-version":[{"id":161,"href":"https:\/\/chilerecupera.cl\/index.php\/wp-json\/wp\/v2\/pages\/48\/revisions\/161"}],"wp:attachment":[{"href":"https:\/\/chilerecupera.cl\/index.php\/wp-json\/wp\/v2\/media?parent=48"}],"curies":[{"name":"wp","href":"https:\/\/api.w.org\/{rel}","templated":true}]}}