{"id":47,"date":"2020-07-06T11:24:39","date_gmt":"2020-07-06T15:24:39","guid":{"rendered":"http:\/\/chilerecupera.cl\/?page_id=47"},"modified":"2020-07-11T19:24:50","modified_gmt":"2020-07-11T23:24:50","slug":"transporte-y-equipos","status":"publish","type":"page","link":"https:\/\/chilerecupera.cl\/index.php\/transporte-y-equipos\/","title":{"rendered":"Transporte y equipos"},"content":{"rendered":"\n<p>Realizamos el retiro y transporte de los residuos desde las instalaciones de nuestros clientes, a los que les suministramos los equipos necesarios para la segregaci\u00f3n de los residuos que generan.<\/p>\n\n\n\n<p>Contamos con transporte propio y formamos alianzas con empresas comprometidas para ofrecer un servicio responsable, personalizado y oportuno adapt\u00e1ndose a las necesidades de nuestras empresas generadoras.<\/p>\n\n\n\n<p>TRANSPORTES<\/p>\n\n\n\n<div class=\"wp-block-image\"><figure class=\"aligncenter size-large\"><img loading=\"lazy\" width=\"589\" height=\"331\" src=\"https:\/\/chilerecupera.cl\/wp-content\/uploads\/2020\/07\/image.png\" alt=\"\" class=\"wp-image-157\" srcset=\"https:\/\/chilerecupera.cl\/wp-content\/uploads\/2020\/07\/image.png 589w, https:\/\/chilerecupera.cl\/wp-content\/uploads\/2020\/07\/image-300x169.png 300w\" sizes=\"(max-width: 589px) 100vw, 589px\" \/><\/figure><\/div>\n\n\n\n<p>Ofrecemos y entregamos los equipos necesarios para una correcta segregaci\u00f3n en origen, tratamiento y acopio de los residuos obtenidos. De esta manera maximizamos la recuperaci\u00f3n de residuos para su posterior valorizaci\u00f3n.<\/p>\n\n\n\n<p>EQUIPOS<\/p>\n\n\n\n<div class=\"wp-block-image\"><figure class=\"aligncenter size-large is-resized\"><img loading=\"lazy\" src=\"https:\/\/chilerecupera.cl\/wp-content\/uploads\/2020\/07\/image-1.png\" alt=\"\" class=\"wp-image-158\" width=\"582\" height=\"327\" srcset=\"https:\/\/chilerecupera.cl\/wp-content\/uploads\/2020\/07\/image-1.png 477w, https:\/\/chilerecupera.cl\/wp-content\/uploads\/2020\/07\/image-1-300x169.png 300w\" sizes=\"(max-width: 582px) 100vw, 582px\" \/><\/figure><\/div>\n","protected":false},"excerpt":{"rendered":"<p>Realizamos el retiro y transporte de los residuos desde las instalaciones de nuestros clientes, a los que les suministramos los equipos necesarios para la segregaci\u00f3n de los residuos que generan. Contamos con transporte propio y formamos alianzas con empresas comprometidas para ofrecer un servicio responsable, personalizado y oportuno adapt\u00e1ndose a las necesidades de nuestras empresas [&hellip;]<\/p>\n","protected":false},"author":1,"featured_media":0,"parent":0,"menu_order":0,"comment_status":"closed","ping_status":"closed","template":"","meta":[],"_links":{"self":[{"href":"https:\/\/chilerecupera.cl\/index.php\/wp-json\/wp\/v2\/pages\/47"}],"collection":[{"href":"https:\/\/chilerecupera.cl\/index.php\/wp-json\/wp\/v2\/pages"}],"about":[{"href":"https:\/\/chilerecupera.cl\/index.php\/wp-json\/wp\/v2\/types\/page"}],"author":[{"embeddable":true,"href":"https:\/\/chilerecupera.cl\/index.php\/wp-json\/wp\/v2\/users\/1"}],"replies":[{"embeddable":true,"href":"https:\/\/chilerecupera.cl\/index.php\/wp-json\/wp\/v2\/comments?post=47"}],"version-history":[{"count":3,"href":"https:\/\/chilerecupera.cl\/index.php\/wp-json\/wp\/v2\/pages\/47\/revisions"}],"predecessor-version":[{"id":159,"href":"https:\/\/chilerecupera.cl\/index.php\/wp-json\/wp\/v2\/pages\/47\/revisions\/159"}],"wp:attachment":[{"href":"https:\/\/chilerecupera.cl\/index.php\/wp-json\/wp\/v2\/media?parent=47"}],"curies":[{"name":"wp","href":"https:\/\/api.w.org\/{rel}","templated":true}]}}