{"id":260,"date":"2020-07-26T21:43:56","date_gmt":"2020-07-27T01:43:56","guid":{"rendered":"http:\/\/chilerecupera.cl\/?page_id=260"},"modified":"2020-12-22T20:51:44","modified_gmt":"2020-12-23T00:51:44","slug":"cero-basura","status":"publish","type":"page","link":"https:\/\/chilerecupera.cl\/index.php\/cero-basura\/","title":{"rendered":"Cero Basura"},"content":{"rendered":"\n<figure class=\"wp-block-image alignfull size-large is-style-rounded\"><img loading=\"lazy\" width=\"1024\" height=\"576\" src=\"https:\/\/chilerecupera.cl\/wp-content\/uploads\/2020\/12\/Cero-basura2-1024x576.jpg\" alt=\"\" class=\"wp-image-323\" srcset=\"https:\/\/chilerecupera.cl\/wp-content\/uploads\/2020\/12\/Cero-basura2-1024x576.jpg 1024w, https:\/\/chilerecupera.cl\/wp-content\/uploads\/2020\/12\/Cero-basura2-300x169.jpg 300w, https:\/\/chilerecupera.cl\/wp-content\/uploads\/2020\/12\/Cero-basura2-768x432.jpg 768w, https:\/\/chilerecupera.cl\/wp-content\/uploads\/2020\/12\/Cero-basura2.jpg 1280w\" sizes=\"(max-width: 1024px) 100vw, 1024px\" \/><\/figure>\n\n\n\n<p>Si bien nuestro pa\u00eds a\u00fan no cuenta con la tecnolog\u00eda necesaria que garantice el Cero Basura reutilizando o reciclando los residuos, en Recupera agotamos todas las instancias para buscar alternativas ambientalmente limpias y de esta manera lograr evitar su env\u00edo a relleno sanitario o su co-incineraci\u00f3n (Valorizaci\u00f3n energ\u00e9tica, alternativa de alto costo).<\/p>\n\n\n\n<p>Hacemos que tu empresa alcance altos \u00edndices de reciclaje, ofrecemos actividades de caracterizaci\u00f3n de residuos para conocer la composici\u00f3n de desechos en su totalidad, y de esta forma&nbsp; disminuir al m\u00e1ximo el material destinado a co-incineraci\u00f3n de los residuos no valorizables para lograr as\u00ed el Cero Basura a relleno sanitario.<\/p>\n\n\n\n<figure class=\"wp-block-image alignfull size-large\"><img loading=\"lazy\" width=\"1024\" height=\"576\" src=\"https:\/\/chilerecupera.cl\/wp-content\/uploads\/2020\/07\/Diapositiva8-1-1024x576.jpg\" alt=\"\" class=\"wp-image-290\" srcset=\"https:\/\/chilerecupera.cl\/wp-content\/uploads\/2020\/07\/Diapositiva8-1-1024x576.jpg 1024w, https:\/\/chilerecupera.cl\/wp-content\/uploads\/2020\/07\/Diapositiva8-1-300x169.jpg 300w, https:\/\/chilerecupera.cl\/wp-content\/uploads\/2020\/07\/Diapositiva8-1-768x432.jpg 768w, https:\/\/chilerecupera.cl\/wp-content\/uploads\/2020\/07\/Diapositiva8-1.jpg 1280w\" sizes=\"(max-width: 1024px) 100vw, 1024px\" \/><\/figure>\n","protected":false},"excerpt":{"rendered":"<p>Si bien nuestro pa\u00eds a\u00fan no cuenta con la tecnolog\u00eda necesaria que garantice el Cero Basura reutilizando o reciclando los residuos, en Recupera agotamos todas las instancias para buscar alternativas ambientalmente limpias y de esta manera lograr evitar su env\u00edo a relleno sanitario o su co-incineraci\u00f3n (Valorizaci\u00f3n energ\u00e9tica, alternativa de alto costo). Hacemos que tu [&hellip;]<\/p>\n","protected":false},"author":1,"featured_media":0,"parent":0,"menu_order":0,"comment_status":"closed","ping_status":"closed","template":"","meta":[],"_links":{"self":[{"href":"https:\/\/chilerecupera.cl\/index.php\/wp-json\/wp\/v2\/pages\/260"}],"collection":[{"href":"https:\/\/chilerecupera.cl\/index.php\/wp-json\/wp\/v2\/pages"}],"about":[{"href":"https:\/\/chilerecupera.cl\/index.php\/wp-json\/wp\/v2\/types\/page"}],"author":[{"embeddable":true,"href":"https:\/\/chilerecupera.cl\/index.php\/wp-json\/wp\/v2\/users\/1"}],"replies":[{"embeddable":true,"href":"https:\/\/chilerecupera.cl\/index.php\/wp-json\/wp\/v2\/comments?post=260"}],"version-history":[{"count":4,"href":"https:\/\/chilerecupera.cl\/index.php\/wp-json\/wp\/v2\/pages\/260\/revisions"}],"predecessor-version":[{"id":325,"href":"https:\/\/chilerecupera.cl\/index.php\/wp-json\/wp\/v2\/pages\/260\/revisions\/325"}],"wp:attachment":[{"href":"https:\/\/chilerecupera.cl\/index.php\/wp-json\/wp\/v2\/media?parent=260"}],"curies":[{"name":"wp","href":"https:\/\/api.w.org\/{rel}","templated":true}]}}