{"id":207,"date":"2020-07-26T20:41:33","date_gmt":"2020-07-27T00:41:33","guid":{"rendered":"http:\/\/chilerecupera.cl\/?page_id=207"},"modified":"2021-03-18T19:22:06","modified_gmt":"2021-03-18T23:22:06","slug":"sumate-a-nuestro-equipo","status":"publish","type":"page","link":"https:\/\/chilerecupera.cl\/index.php\/sumate-a-nuestro-equipo\/","title":{"rendered":"S\u00famate a nuestro Equipo"},"content":{"rendered":"\n<div class=\"wp-block-image\"><figure class=\"aligncenter size-large\"><img loading=\"lazy\" width=\"1024\" height=\"576\" src=\"https:\/\/chilerecupera.cl\/wp-content\/uploads\/2020\/07\/TRABAJA-CON-NOSOTORS-1-1024x576.jpg\" alt=\"\" class=\"wp-image-237\" srcset=\"https:\/\/chilerecupera.cl\/wp-content\/uploads\/2020\/07\/TRABAJA-CON-NOSOTORS-1-1024x576.jpg 1024w, https:\/\/chilerecupera.cl\/wp-content\/uploads\/2020\/07\/TRABAJA-CON-NOSOTORS-1-300x169.jpg 300w, https:\/\/chilerecupera.cl\/wp-content\/uploads\/2020\/07\/TRABAJA-CON-NOSOTORS-1-768x432.jpg 768w, https:\/\/chilerecupera.cl\/wp-content\/uploads\/2020\/07\/TRABAJA-CON-NOSOTORS-1.jpg 1280w\" sizes=\"(max-width: 1024px) 100vw, 1024px\" \/><\/figure><\/div>\n\n\n\n<h4><strong>\u00bfQuieres sumarte a nuestro equipo?<\/strong><\/h4>\n\n\n\n<p>Recupera es un equipo comprometido, proactivo, responsable con ganas de aprender en todo momento, \u00a0de trabajar codo a codo y sobre todo, con voluntad. Si quieres ser uno m\u00e1s de nosotros y sumarte a nuestro equipo de trabajo, rellena el siguiente formulario y nos podremos en contacto contigo.<\/p>\n\n\n<div class=\"wpforms-container wpforms-container-full\" id=\"wpforms-197\"><form id=\"wpforms-form-197\" class=\"wpforms-validate wpforms-form\" data-formid=\"197\" method=\"post\" enctype=\"multipart\/form-data\" action=\"\/index.php\/wp-json\/wp\/v2\/pages\/207\" data-token=\"a1595b9ecfb6f6e131da844e54a0e32d\"><noscript class=\"wpforms-error-noscript\">Please enable JavaScript in your browser to complete this form.<\/noscript><div class=\"wpforms-field-container\"><div id=\"wpforms-197-field_0-container\" class=\"wpforms-field wpforms-field-name\" data-field-id=\"0\"><label class=\"wpforms-field-label\" for=\"wpforms-197-field_0\">Nombre <span class=\"wpforms-required-label\">*<\/span><\/label><input type=\"text\" id=\"wpforms-197-field_0\" class=\"wpforms-field-medium wpforms-field-required\" name=\"wpforms[fields][0]\" required><\/div><div id=\"wpforms-197-field_1-container\" class=\"wpforms-field wpforms-field-email\" data-field-id=\"1\"><label class=\"wpforms-field-label\" for=\"wpforms-197-field_1\">Email <span class=\"wpforms-required-label\">*<\/span><\/label><div class=\"wpforms-field-row wpforms-field-medium\"><div class=\"wpforms-field-row-block wpforms-one-half wpforms-first\"><input type=\"email\" id=\"wpforms-197-field_1\" class=\"wpforms-field-required wpforms-field-email-primary\" name=\"wpforms[fields][1][primary]\" required><label for=\"wpforms-197-field_1\" class=\"wpforms-field-sublabel after \">Email<\/label><\/div><div class=\"wpforms-field-row-block wpforms-one-half\"><input type=\"email\" id=\"wpforms-197-field_1-secondary\" class=\"wpforms-field-email-secondary wpforms-field-required\" data-rule-confirm=\"#wpforms-197-field_1\" name=\"wpforms[fields][1][secondary]\" required><label for=\"wpforms-197-field_1-secondary\" class=\"wpforms-field-sublabel after \">Confirm Email<\/label><\/div><\/div><\/div><div id=\"wpforms-197-field_5-container\" class=\"wpforms-field wpforms-field-name\" data-field-id=\"5\"><label class=\"wpforms-field-label\" for=\"wpforms-197-field_5\">Empresa <span class=\"wpforms-required-label\">*<\/span><\/label><input type=\"text\" id=\"wpforms-197-field_5\" class=\"wpforms-field-medium wpforms-field-required\" name=\"wpforms[fields][5]\" required><\/div><div id=\"wpforms-197-field_4-container\" class=\"wpforms-field wpforms-field-number\" data-field-id=\"4\"><label class=\"wpforms-field-label\" for=\"wpforms-197-field_4\">RUT Empresa <span class=\"wpforms-required-label\">*<\/span><\/label><input type=\"number\" pattern=\"\\d*\" id=\"wpforms-197-field_4\" class=\"wpforms-field-medium wpforms-field-required\" name=\"wpforms[fields][4]\" required><div class=\"wpforms-field-description\">XX.XXX.XXX-X<\/div><\/div><div id=\"wpforms-197-field_2-container\" class=\"wpforms-field wpforms-field-textarea\" data-field-id=\"2\"><label class=\"wpforms-field-label\" for=\"wpforms-197-field_2\">Mensaje <span class=\"wpforms-required-label\">*<\/span><\/label><textarea id=\"wpforms-197-field_2\" class=\"wpforms-field-medium wpforms-field-required\" name=\"wpforms[fields][2]\" required><\/textarea><\/div><\/div><div class=\"wpforms-field wpforms-field-hp\"><label for=\"wpforms-197-field-hp\" class=\"wpforms-field-label\">Comment<\/label><input type=\"text\" name=\"wpforms[hp]\" id=\"wpforms-197-field-hp\" class=\"wpforms-field-medium\"><\/div><div class=\"wpforms-submit-container\" ><input type=\"hidden\" name=\"wpforms[id]\" value=\"197\"><input type=\"hidden\" name=\"wpforms[author]\" value=\"1\"><button type=\"submit\" name=\"wpforms[submit]\" class=\"wpforms-submit \" id=\"wpforms-submit-197\" value=\"wpforms-submit\" aria-live=\"assertive\" data-alt-text=\"Enviando...\" data-submit-text=\"Enviar\">Enviar<\/button><\/div><\/form><\/div>  <!-- .wpforms-container -->\n\n\n<p>Adem\u00e1s, si tienes alg\u00fan proyecto o idea ambiental innovadora relacionada a la gesti\u00f3n de residuos domiciliarios o industriales que podamos desarrollar juntos, cu\u00e9ntanos y forma parte de nuestro equipo y labor.<\/p>\n\n\n\n<figure class=\"wp-block-image size-large\"><img loading=\"lazy\" width=\"1024\" height=\"576\" src=\"https:\/\/chilerecupera.cl\/wp-content\/uploads\/2020\/07\/Trabaja-con-nosotros-1024x576.jpg\" alt=\"\" class=\"wp-image-238\" srcset=\"https:\/\/chilerecupera.cl\/wp-content\/uploads\/2020\/07\/Trabaja-con-nosotros-1024x576.jpg 1024w, https:\/\/chilerecupera.cl\/wp-content\/uploads\/2020\/07\/Trabaja-con-nosotros-300x169.jpg 300w, https:\/\/chilerecupera.cl\/wp-content\/uploads\/2020\/07\/Trabaja-con-nosotros-768x432.jpg 768w, https:\/\/chilerecupera.cl\/wp-content\/uploads\/2020\/07\/Trabaja-con-nosotros.jpg 1280w\" sizes=\"(max-width: 1024px) 100vw, 1024px\" \/><\/figure>\n","protected":false},"excerpt":{"rendered":"<p>\u00bfQuieres sumarte a nuestro equipo? Recupera es un equipo comprometido, proactivo, responsable con ganas de aprender en todo momento, \u00a0de trabajar codo a codo y sobre todo, con voluntad. Si quieres ser uno m\u00e1s de nosotros y sumarte a nuestro equipo de trabajo, rellena el siguiente formulario y nos podremos en contacto contigo. Adem\u00e1s, si [&hellip;]<\/p>\n","protected":false},"author":1,"featured_media":0,"parent":0,"menu_order":0,"comment_status":"closed","ping_status":"closed","template":"","meta":[],"_links":{"self":[{"href":"https:\/\/chilerecupera.cl\/index.php\/wp-json\/wp\/v2\/pages\/207"}],"collection":[{"href":"https:\/\/chilerecupera.cl\/index.php\/wp-json\/wp\/v2\/pages"}],"about":[{"href":"https:\/\/chilerecupera.cl\/index.php\/wp-json\/wp\/v2\/types\/page"}],"author":[{"embeddable":true,"href":"https:\/\/chilerecupera.cl\/index.php\/wp-json\/wp\/v2\/users\/1"}],"replies":[{"embeddable":true,"href":"https:\/\/chilerecupera.cl\/index.php\/wp-json\/wp\/v2\/comments?post=207"}],"version-history":[{"count":4,"href":"https:\/\/chilerecupera.cl\/index.php\/wp-json\/wp\/v2\/pages\/207\/revisions"}],"predecessor-version":[{"id":418,"href":"https:\/\/chilerecupera.cl\/index.php\/wp-json\/wp\/v2\/pages\/207\/revisions\/418"}],"wp:attachment":[{"href":"https:\/\/chilerecupera.cl\/index.php\/wp-json\/wp\/v2\/media?parent=207"}],"curies":[{"name":"wp","href":"https:\/\/api.w.org\/{rel}","templated":true}]}}