{"id":206,"date":"2020-07-26T20:41:33","date_gmt":"2020-07-27T00:41:33","guid":{"rendered":"http:\/\/chilerecupera.cl\/?page_id=206"},"modified":"2020-07-26T21:14:08","modified_gmt":"2020-07-27T01:14:08","slug":"autorizaciones-2","status":"publish","type":"page","link":"https:\/\/chilerecupera.cl\/index.php\/autorizaciones-2\/","title":{"rendered":"Autorizaciones"},"content":{"rendered":"\n<div class=\"wp-block-image\"><figure class=\"aligncenter size-large\"><img loading=\"lazy\" width=\"1024\" height=\"576\" src=\"https:\/\/chilerecupera.cl\/wp-content\/uploads\/2020\/07\/AUTORIZACIONES-2-1024x576.jpg\" alt=\"\" class=\"wp-image-235\" srcset=\"https:\/\/chilerecupera.cl\/wp-content\/uploads\/2020\/07\/AUTORIZACIONES-2-1024x576.jpg 1024w, https:\/\/chilerecupera.cl\/wp-content\/uploads\/2020\/07\/AUTORIZACIONES-2-300x169.jpg 300w, https:\/\/chilerecupera.cl\/wp-content\/uploads\/2020\/07\/AUTORIZACIONES-2-768x432.jpg 768w, https:\/\/chilerecupera.cl\/wp-content\/uploads\/2020\/07\/AUTORIZACIONES-2.jpg 1280w\" sizes=\"(max-width: 1024px) 100vw, 1024px\" \/><\/figure><\/div>\n\n\n\n<h2><strong>Almacenamiento temporal de residuos<\/strong><\/h2>\n\n\n\n<ul><li>Recupera; Almacenamiento temporal de residuos no peligrosos.&nbsp;<strong>(341\/AAI\/CV)<\/strong><strong><\/strong><\/li><li>Alianza sustentable; Almacenamiento y disposici\u00f3n final de residuos peligrosos valorizables (reutilizaci\u00f3n o reciclaje)<\/li><li>Alianza sustentable; Almacenamiento y disposici\u00f3n final de residuos peligrosos no valorizables<\/li><\/ul>\n\n\n\n<h2><strong>Valorizaci\u00f3n y eliminaci\u00f3n de residuos<\/strong><\/h2>\n\n\n\n<ul><li>Alianza sustentable; Valorizaci\u00f3n de Pl\u00e1sticos PEBD, PEAD, PP, PET ,PVC, Laminados (recuperaci\u00f3n y reciclado de pl\u00e1sticos).&nbsp;<\/li><li>Alianza sustentable; Valorizaci\u00f3n de papeles y cartones.<\/li><li>Alianza sustentable; Valorizaci\u00f3n de vidrio<\/li><li>Alianza sustentable; Valorizaci\u00f3n de chatarra y metales<\/li><li>Alianza sustentable; Valorizaci\u00f3n de Chatarra Electr\u00f3nica<\/li><li>Alianza sustentable; Valorizaci\u00f3n de Neum\u00e1ticos<\/li><li>Alianza sustentable; Coincineraci\u00f3n de residuos industriales y especiales<\/li><li>Alianza sustentable; disposici\u00f3n final autorizada en relleno sanitario<\/li><\/ul>\n\n\n\n<h2><strong>Recogida y transporte de residuos<\/strong><\/h2>\n\n\n\n<ul><li>Recupera; Transporte de residuos no peligrosos.&nbsp;<strong><\/strong><\/li><li>Alianza sustentable; Transporte de residuos no peligrosos<\/li><li>Alianza sustentable; Transporte de residuos peligrosos.&nbsp;<strong><\/strong><\/li><\/ul>\n\n\n\n<div class=\"wp-block-image\"><figure class=\"aligncenter size-large\"><img loading=\"lazy\" width=\"1024\" height=\"576\" src=\"https:\/\/chilerecupera.cl\/wp-content\/uploads\/2020\/07\/Autorizaciones-1-1024x576.jpg\" alt=\"\" class=\"wp-image-234\" srcset=\"https:\/\/chilerecupera.cl\/wp-content\/uploads\/2020\/07\/Autorizaciones-1-1024x576.jpg 1024w, https:\/\/chilerecupera.cl\/wp-content\/uploads\/2020\/07\/Autorizaciones-1-300x169.jpg 300w, https:\/\/chilerecupera.cl\/wp-content\/uploads\/2020\/07\/Autorizaciones-1-768x432.jpg 768w, https:\/\/chilerecupera.cl\/wp-content\/uploads\/2020\/07\/Autorizaciones-1.jpg 1280w\" sizes=\"(max-width: 1024px) 100vw, 1024px\" \/><\/figure><\/div>\n","protected":false},"excerpt":{"rendered":"<p>Almacenamiento temporal de residuos Recupera; Almacenamiento temporal de residuos no peligrosos.&nbsp;(341\/AAI\/CV) Alianza sustentable; Almacenamiento y disposici\u00f3n final de residuos peligrosos valorizables (reutilizaci\u00f3n o reciclaje) Alianza sustentable; Almacenamiento y disposici\u00f3n final de residuos peligrosos no valorizables Valorizaci\u00f3n y eliminaci\u00f3n de residuos Alianza sustentable; Valorizaci\u00f3n de Pl\u00e1sticos PEBD, PEAD, PP, PET ,PVC, Laminados (recuperaci\u00f3n y reciclado de [&hellip;]<\/p>\n","protected":false},"author":1,"featured_media":0,"parent":0,"menu_order":0,"comment_status":"closed","ping_status":"closed","template":"","meta":[],"_links":{"self":[{"href":"https:\/\/chilerecupera.cl\/index.php\/wp-json\/wp\/v2\/pages\/206"}],"collection":[{"href":"https:\/\/chilerecupera.cl\/index.php\/wp-json\/wp\/v2\/pages"}],"about":[{"href":"https:\/\/chilerecupera.cl\/index.php\/wp-json\/wp\/v2\/types\/page"}],"author":[{"embeddable":true,"href":"https:\/\/chilerecupera.cl\/index.php\/wp-json\/wp\/v2\/users\/1"}],"replies":[{"embeddable":true,"href":"https:\/\/chilerecupera.cl\/index.php\/wp-json\/wp\/v2\/comments?post=206"}],"version-history":[{"count":2,"href":"https:\/\/chilerecupera.cl\/index.php\/wp-json\/wp\/v2\/pages\/206\/revisions"}],"predecessor-version":[{"id":236,"href":"https:\/\/chilerecupera.cl\/index.php\/wp-json\/wp\/v2\/pages\/206\/revisions\/236"}],"wp:attachment":[{"href":"https:\/\/chilerecupera.cl\/index.php\/wp-json\/wp\/v2\/media?parent=206"}],"curies":[{"name":"wp","href":"https:\/\/api.w.org\/{rel}","templated":true}]}}