{"id":205,"date":"2020-07-26T20:41:33","date_gmt":"2020-07-27T00:41:33","guid":{"rendered":"http:\/\/chilerecupera.cl\/?page_id=205"},"modified":"2020-12-22T20:27:59","modified_gmt":"2020-12-23T00:27:59","slug":"servicios","status":"publish","type":"page","link":"https:\/\/chilerecupera.cl\/index.php\/servicios\/","title":{"rendered":"Servicios"},"content":{"rendered":"\n<figure class=\"wp-block-image size-large\"><img loading=\"lazy\" width=\"1024\" height=\"576\" src=\"https:\/\/chilerecupera.cl\/wp-content\/uploads\/2020\/07\/iNGRESO-3-1-1024x576.jpg\" alt=\"\" class=\"wp-image-232\" srcset=\"https:\/\/chilerecupera.cl\/wp-content\/uploads\/2020\/07\/iNGRESO-3-1-1024x576.jpg 1024w, https:\/\/chilerecupera.cl\/wp-content\/uploads\/2020\/07\/iNGRESO-3-1-300x169.jpg 300w, https:\/\/chilerecupera.cl\/wp-content\/uploads\/2020\/07\/iNGRESO-3-1-768x432.jpg 768w, https:\/\/chilerecupera.cl\/wp-content\/uploads\/2020\/07\/iNGRESO-3-1.jpg 1280w\" sizes=\"(max-width: 1024px) 100vw, 1024px\" \/><\/figure>\n\n\n\n<h2><strong>Consultor\u00edas y Asesor\u00edas<\/strong><\/h2>\n\n\n\n<p>Como parte del servicio, ofrecemos servicios integrales de asesoramiento y consultor\u00eda&nbsp;medioambiental.<\/p>\n\n\n\n<p>Te asesoramos y ayudamos para que cumplas todas tus obligaciones como productor de residuos. Adem\u00e1s, nos encargamos de buscar las mejores soluciones a la gesti\u00f3n de residuos de tu empresa adapt\u00e1ndonos a tu realidad y as\u00ed ayudarte en el ahorro econ\u00f3mico, energ\u00e9tico y de emisiones CO2. <a href=\"https:\/\/chilerecupera.cl\/index.php\/consultoria\/\" data-type=\"URL\" data-id=\"https:\/\/chilerecupera.cl\/index.php\/consultoria\/\">ver m\u00e1s<\/a><\/p>\n\n\n\n<h2><strong>Valorizaci\u00f3n de residuos<\/strong><\/h2>\n\n\n\n<p>En Recupera, la gesti\u00f3n de los residuos no peligrosos es una de las principales actividades que desarrolla, gracias a la optimizaci\u00f3n de los procesos y alianzas establecidas para la reutilizaci\u00f3n o reciclado de los distintos residuos peligrosos y no peligrosos generados en actividades productivas. <a href=\"https:\/\/chilerecupera.cl\/index.php\/como-lo-hacemos\/\" data-type=\"page\" data-id=\"256\">ver m\u00e1s<\/a><\/p>\n\n\n\n<h2><strong>Ley REP<\/strong><\/h2>\n\n\n\n<p>Recupera act\u00faa como un gestor de residuos prioritarios. Te orientamos y asesoramos en el desarrollo de un sistema de gesti\u00f3n individual o colectivo ajustado a la realidad y necesidades de tu empresa para luego implementar y maximizar la recuperaci\u00f3n de residuos. <a href=\"https:\/\/chilerecupera.cl\/index.php\/ley-rep\/\" data-type=\"page\" data-id=\"48\">ver m\u00e1s<\/a><\/p>\n\n\n\n<h2><strong>Gesti\u00f3n de Residuos<\/strong><\/h2>\n\n\n\n<p>Entregamos un servicio insitu personalizado para un correcto manejo y gesti\u00f3n de tus\u00a0<strong>Residuos Peligrosos y No Peligrosos\u00a0<\/strong>siempre bajo el cumplimiento del marco legal vigente, permitiendo a tu empresa u organizaci\u00f3n contar con todos los certificados y documentaci\u00f3n medioambientales necesarios para superar con \u00e9xito las auditor\u00edas, inspecciones o fiscalizaciones. <a href=\"https:\/\/chilerecupera.cl\/index.php\/como-lo-hacemos\/\" data-type=\"page\" data-id=\"256\">ver m\u00e1s<\/a><\/p>\n\n\n\n<h2><strong>Cero Basura<\/strong><\/h2>\n\n\n\n<p>Si bien nuestro pa\u00eds a\u00fan no cuenta con la tecnolog\u00eda necesaria que garantice el Cero Basura reutilizando o reciclando los residuos, en Recupera agotamos todas las instancias para buscar alternativas ambientalmente limpias. <a href=\"https:\/\/chilerecupera.cl\/index.php\/cero-basura\/\" data-type=\"page\" data-id=\"260\">ver m\u00e1s<\/a><\/p>\n\n\n\n<div class=\"wp-block-image\"><figure class=\"aligncenter size-large\"><img loading=\"lazy\" width=\"1024\" height=\"576\" src=\"https:\/\/chilerecupera.cl\/wp-content\/uploads\/2020\/07\/Diapositiva2-1-1024x576.jpg\" alt=\"\" class=\"wp-image-231\" srcset=\"https:\/\/chilerecupera.cl\/wp-content\/uploads\/2020\/07\/Diapositiva2-1-1024x576.jpg 1024w, https:\/\/chilerecupera.cl\/wp-content\/uploads\/2020\/07\/Diapositiva2-1-300x169.jpg 300w, https:\/\/chilerecupera.cl\/wp-content\/uploads\/2020\/07\/Diapositiva2-1-768x432.jpg 768w, https:\/\/chilerecupera.cl\/wp-content\/uploads\/2020\/07\/Diapositiva2-1.jpg 1280w\" sizes=\"(max-width: 1024px) 100vw, 1024px\" \/><\/figure><\/div>\n","protected":false},"excerpt":{"rendered":"<p>Consultor\u00edas y Asesor\u00edas Como parte del servicio, ofrecemos servicios integrales de asesoramiento y consultor\u00eda&nbsp;medioambiental. Te asesoramos y ayudamos para que cumplas todas tus obligaciones como productor de residuos. Adem\u00e1s, nos encargamos de buscar las mejores soluciones a la gesti\u00f3n de residuos de tu empresa adapt\u00e1ndonos a tu realidad y as\u00ed ayudarte en el ahorro econ\u00f3mico, [&hellip;]<\/p>\n","protected":false},"author":1,"featured_media":0,"parent":0,"menu_order":0,"comment_status":"closed","ping_status":"closed","template":"","meta":[],"_links":{"self":[{"href":"https:\/\/chilerecupera.cl\/index.php\/wp-json\/wp\/v2\/pages\/205"}],"collection":[{"href":"https:\/\/chilerecupera.cl\/index.php\/wp-json\/wp\/v2\/pages"}],"about":[{"href":"https:\/\/chilerecupera.cl\/index.php\/wp-json\/wp\/v2\/types\/page"}],"author":[{"embeddable":true,"href":"https:\/\/chilerecupera.cl\/index.php\/wp-json\/wp\/v2\/users\/1"}],"replies":[{"embeddable":true,"href":"https:\/\/chilerecupera.cl\/index.php\/wp-json\/wp\/v2\/comments?post=205"}],"version-history":[{"count":3,"href":"https:\/\/chilerecupera.cl\/index.php\/wp-json\/wp\/v2\/pages\/205\/revisions"}],"predecessor-version":[{"id":317,"href":"https:\/\/chilerecupera.cl\/index.php\/wp-json\/wp\/v2\/pages\/205\/revisions\/317"}],"wp:attachment":[{"href":"https:\/\/chilerecupera.cl\/index.php\/wp-json\/wp\/v2\/media?parent=205"}],"curies":[{"name":"wp","href":"https:\/\/api.w.org\/{rel}","templated":true}]}}