{"id":2,"date":"2020-07-05T16:19:33","date_gmt":"2020-07-05T16:19:33","guid":{"rendered":"http:\/\/chilerecupera.cl\/?page_id=2"},"modified":"2020-12-22T21:00:14","modified_gmt":"2020-12-23T01:00:14","slug":"sample-page","status":"publish","type":"page","link":"https:\/\/chilerecupera.cl\/","title":{"rendered":""},"content":{"rendered":"\n<p><\/p>\n\n\n<h2>\u00a0<\/h2>\n<h2 style=\"text-align: center;\"><span style=\"color: #ff6600;\"><strong>&#8220;Evoluci\u00f3n en gesti\u00f3n de residuos&#8221;<\/strong><\/span><\/h2>\n\n\n<h3><strong>Consultor\u00edas y Asesor\u00edas<\/strong><\/h3>\n\n\n\n<p>Como parte del servicio, ofrecemos servicios integrales de asesoramiento y consultor\u00eda&nbsp;medioambiental.<\/p>\n\n\n\n<p>Te asesoramos y ayudamos para que cumplas todas tus obligaciones como productor de residuos. Adem\u00e1s, nos encargamos de buscar las mejores soluciones a la gesti\u00f3n de residuos de tu empresa adapt\u00e1ndonos a tu realidad y as\u00ed ayudarte en el ahorro econ\u00f3mico, energ\u00e9tico y de emisiones CO2.&nbsp;<a href=\"https:\/\/chilerecupera.cl\/index.php\/consultoria\/\">ver m\u00e1s<\/a><\/p>\n\n\n\n<h2><strong>Valorizaci\u00f3n de residuos<\/strong><\/h2>\n\n\n\n<p>En Recupera, la gesti\u00f3n de los residuos no peligrosos es una de las principales actividades que desarrolla, gracias a la optimizaci\u00f3n de los procesos y alianzas establecidas para la reutilizaci\u00f3n o reciclado de los distintos residuos peligrosos y no peligrosos generados en actividades productivas.&nbsp;<a href=\"https:\/\/chilerecupera.cl\/index.php\/como-lo-hacemos\/\">ver m\u00e1s<\/a><\/p>\n\n\n\n<h2><strong>Ley REP<\/strong><\/h2>\n\n\n\n<p>Recupera act\u00faa como un gestor de residuos prioritarios. Te orientamos y asesoramos en el desarrollo de un sistema de gesti\u00f3n individual o colectivo ajustado a la realidad y necesidades de tu empresa para luego implementar y maximizar la recuperaci\u00f3n de residuos.&nbsp;<a href=\"https:\/\/chilerecupera.cl\/index.php\/ley-rep\/\">ver m\u00e1s<\/a><\/p>\n\n\n\n<h2><strong>Gesti\u00f3n de Residuos<\/strong><\/h2>\n\n\n\n<p>Entregamos un servicio insitu personalizado para un correcto manejo y gesti\u00f3n de tus&nbsp;<strong>Residuos Peligrosos y No Peligrosos&nbsp;<\/strong>siempre bajo el cumplimiento del marco legal vigente, permitiendo a tu empresa u organizaci\u00f3n contar con todos los certificados y documentaci\u00f3n medioambientales necesarios para superar con \u00e9xito las auditor\u00edas, inspecciones o fiscalizaciones.&nbsp;<a href=\"https:\/\/chilerecupera.cl\/index.php\/como-lo-hacemos\/\">ver m\u00e1s<\/a><\/p>\n\n\n\n<h2><strong>Cero Basura<\/strong><\/h2>\n\n\n\n<p>Si bien nuestro pa\u00eds a\u00fan no cuenta con la tecnolog\u00eda necesaria que garantice el Cero Basura reutilizando o reciclando los residuos, en Recupera agotamos todas las instancias para buscar alternativas ambientalmente limpias.&nbsp;<a href=\"https:\/\/chilerecupera.cl\/index.php\/cero-basura\/\">ver m\u00e1s<\/a><\/p>\n\n\n\n<figure class=\"wp-block-image alignfull\"><img loading=\"lazy\" width=\"1024\" height=\"576\" src=\"https:\/\/chilerecupera.cl\/wp-content\/uploads\/2020\/07\/Diapositiva2-1-1024x576.jpg\" alt=\"\" class=\"wp-image-231\" srcset=\"https:\/\/chilerecupera.cl\/wp-content\/uploads\/2020\/07\/Diapositiva2-1-1024x576.jpg 1024w, https:\/\/chilerecupera.cl\/wp-content\/uploads\/2020\/07\/Diapositiva2-1-300x169.jpg 300w, https:\/\/chilerecupera.cl\/wp-content\/uploads\/2020\/07\/Diapositiva2-1-768x432.jpg 768w, https:\/\/chilerecupera.cl\/wp-content\/uploads\/2020\/07\/Diapositiva2-1.jpg 1280w\" sizes=\"(max-width: 1024px) 100vw, 1024px\" \/><\/figure>\n","protected":false},"excerpt":{"rendered":"<p>\u00a0 &#8220;Evoluci\u00f3n en gesti\u00f3n de residuos&#8221; Consultor\u00edas y Asesor\u00edas Como parte del servicio, ofrecemos servicios integrales de asesoramiento y consultor\u00eda&nbsp;medioambiental. Te asesoramos y ayudamos para que cumplas todas tus obligaciones como productor de residuos. Adem\u00e1s, nos encargamos de buscar las mejores soluciones a la gesti\u00f3n de residuos de tu empresa adapt\u00e1ndonos a tu realidad y [&hellip;]<\/p>\n","protected":false},"author":1,"featured_media":0,"parent":0,"menu_order":0,"comment_status":"closed","ping_status":"open","template":"","meta":[],"_links":{"self":[{"href":"https:\/\/chilerecupera.cl\/index.php\/wp-json\/wp\/v2\/pages\/2"}],"collection":[{"href":"https:\/\/chilerecupera.cl\/index.php\/wp-json\/wp\/v2\/pages"}],"about":[{"href":"https:\/\/chilerecupera.cl\/index.php\/wp-json\/wp\/v2\/types\/page"}],"author":[{"embeddable":true,"href":"https:\/\/chilerecupera.cl\/index.php\/wp-json\/wp\/v2\/users\/1"}],"replies":[{"embeddable":true,"href":"https:\/\/chilerecupera.cl\/index.php\/wp-json\/wp\/v2\/comments?post=2"}],"version-history":[{"count":9,"href":"https:\/\/chilerecupera.cl\/index.php\/wp-json\/wp\/v2\/pages\/2\/revisions"}],"predecessor-version":[{"id":330,"href":"https:\/\/chilerecupera.cl\/index.php\/wp-json\/wp\/v2\/pages\/2\/revisions\/330"}],"wp:attachment":[{"href":"https:\/\/chilerecupera.cl\/index.php\/wp-json\/wp\/v2\/media?parent=2"}],"curies":[{"name":"wp","href":"https:\/\/api.w.org\/{rel}","templated":true}]}}